{"id":1932,"date":"2025-04-11T10:41:44","date_gmt":"2025-04-11T08:41:44","guid":{"rendered":"https:\/\/numaco.ch\/kontakt\/"},"modified":"2025-05-30T18:10:00","modified_gmt":"2025-05-30T16:10:00","slug":"kontakt","status":"publish","type":"page","link":"https:\/\/numaco.ch\/de\/kontakt\/","title":{"rendered":"Kontakt"},"content":{"rendered":"\t\t<div data-elementor-type=\"wp-page\" data-elementor-id=\"1932\" class=\"elementor elementor-1932 elementor-676\" data-elementor-post-type=\"page\">\n\t\t\t\t<div class=\"elementor-element elementor-element-3f4c579 e-con-full e-flex e-con e-parent\" data-id=\"3f4c579\" data-element_type=\"container\">\n\t\t<div class=\"elementor-element elementor-element-497864d e-con-full e-flex e-con e-child\" data-id=\"497864d\" data-element_type=\"container\" data-settings=\"{&quot;background_background&quot;:&quot;classic&quot;}\">\n\t\t<div class=\"elementor-element elementor-element-4008666 e-con-full e-flex e-con e-child\" data-id=\"4008666\" data-element_type=\"container\">\n\t\t\t\t<div class=\"elementor-element elementor-element-1cd0702 elementor-widget elementor-widget-heading\" data-id=\"1cd0702\" data-element_type=\"widget\" data-widget_type=\"heading.default\">\n\t\t\t\t<div class=\"elementor-widget-container\">\n\t\t\t\t\t<h1 class=\"elementor-heading-title elementor-size-default\">Kontakte<\/h1>\t\t\t\t<\/div>\n\t\t\t\t<\/div>\n\t\t\t\t<div class=\"elementor-element elementor-element-c61aa53 elementor-widget elementor-widget-heading\" data-id=\"c61aa53\" data-element_type=\"widget\" data-widget_type=\"heading.default\">\n\t\t\t\t<div class=\"elementor-widget-container\">\n\t\t\t\t\t<p class=\"elementor-heading-title elementor-size-default\">Fordern Sie jetzt eine Beratung an <br>von Numaco AG<\/p>\t\t\t\t<\/div>\n\t\t\t\t<\/div>\n\t\t\t\t<div class=\"elementor-element elementor-element-7c79154 elementor-widget elementor-widget-text-editor\" data-id=\"7c79154\" data-element_type=\"widget\" data-widget_type=\"text-editor.default\">\n\t\t\t\t<div class=\"elementor-widget-container\">\n\t\t\t\t\t\t\t\t\t<p>Sind Sie auf der Suche nach einem Softwareentwicklungsunternehmen f\u00fcr industrielle Etikettierung und Automatisierung?<\/p>\t\t\t\t\t\t\t\t<\/div>\n\t\t\t\t<\/div>\n\t\t\t\t<\/div>\n\t\t\t\t<\/div>\n\t\t\t\t<\/div>\n\t\t<div class=\"elementor-element elementor-element-50c903f e-con-full e-flex e-con e-parent\" data-id=\"50c903f\" data-element_type=\"container\">\n\t\t<div class=\"elementor-element elementor-element-40ddb34 e-con-full e-flex e-con e-child\" data-id=\"40ddb34\" data-element_type=\"container\">\n\t\t\t\t<div class=\"elementor-element elementor-element-9c21781 elementor-widget elementor-widget-heading\" data-id=\"9c21781\" data-element_type=\"widget\" data-widget_type=\"heading.default\">\n\t\t\t\t<div class=\"elementor-widget-container\">\n\t\t\t\t\t<p class=\"elementor-heading-title elementor-size-default\">Lassen Sie uns dar\u00fcber sprechen, <span style=\"color:#57C7E6\">wie wir Ihr Unternehmen unterst\u00fctzen k\u00f6nnen<\/span> <\/p>\t\t\t\t<\/div>\n\t\t\t\t<\/div>\n\t\t\t\t<div class=\"elementor-element elementor-element-935f8fd elementor-widget elementor-widget-text-editor\" data-id=\"935f8fd\" data-element_type=\"widget\" data-widget_type=\"text-editor.default\">\n\t\t\t\t<div class=\"elementor-widget-container\">\n\t\t\t\t\t\t\t\t\t<p>Sind Sie auf der Suche nach einem<strong>Softwareentwicklungsunternehmen<\/strong> f\u00fcr industrielle Etikettierung und Automatisierung?<\/p><p>Kontaktieren Sie uns noch heute f\u00fcr ein pers\u00f6nliches Beratungsgespr\u00e4ch und erfahren Sie, wie wir Ihre Bed\u00fcrfnisse in eine ma\u00dfgeschneiderte digitale L\u00f6sung umsetzen k\u00f6nnen.<\/p>\t\t\t\t\t\t\t\t<\/div>\n\t\t\t\t<\/div>\n\t\t\t\t<\/div>\n\t\t<div class=\"elementor-element elementor-element-e198cc7 e-con-full e-flex e-con e-child\" data-id=\"e198cc7\" data-element_type=\"container\" data-settings=\"{&quot;background_background&quot;:&quot;classic&quot;}\">\n\t\t\t\t<div class=\"elementor-element elementor-element-a54f3a9 elementor-button-align-center elementor-widget elementor-widget-form\" data-id=\"a54f3a9\" data-element_type=\"widget\" data-settings=\"{&quot;step_next_label&quot;:&quot;N\\u00e4chste&quot;,&quot;step_previous_label&quot;:&quot;Vorherige&quot;,&quot;button_width&quot;:&quot;100&quot;,&quot;step_type&quot;:&quot;number_text&quot;,&quot;step_icon_shape&quot;:&quot;circle&quot;}\" data-widget_type=\"form.default\">\n\t\t\t\t<div class=\"elementor-widget-container\">\n\t\t\t\t\t\t\t<form class=\"elementor-form\" method=\"post\" name=\"Neues Modul\">\n\t\t\t<input type=\"hidden\" name=\"post_id\" value=\"1932\"\/>\n\t\t\t<input type=\"hidden\" name=\"form_id\" value=\"a54f3a9\"\/>\n\t\t\t<input type=\"hidden\" name=\"referer_title\" value=\"Numaco\" \/>\n\n\t\t\t\n\t\t\t<div class=\"elementor-form-fields-wrapper elementor-labels-above\">\n\t\t\t\t\t\t\t\t<div class=\"elementor-field-type-text elementor-field-group elementor-column elementor-field-group-nome elementor-col-50 elementor-field-required\">\n\t\t\t\t\t\t\t\t\t\t\t\t\t<input size=\"1\" type=\"text\" name=\"form_fields[nome]\" id=\"form-field-nome\" class=\"elementor-field elementor-size-sm  elementor-field-textual\" placeholder=\"Name\" required=\"required\">\n\t\t\t\t\t\t\t\t\t\t\t<\/div>\n\t\t\t\t\t\t\t\t<div class=\"elementor-field-type-text elementor-field-group elementor-column elementor-field-group-cognome elementor-col-50 elementor-field-required\">\n\t\t\t\t\t\t\t\t\t\t\t\t\t<input size=\"1\" type=\"text\" name=\"form_fields[cognome]\" id=\"form-field-cognome\" class=\"elementor-field elementor-size-sm  elementor-field-textual\" placeholder=\"Nachname\" required=\"required\">\n\t\t\t\t\t\t\t\t\t\t\t<\/div>\n\t\t\t\t\t\t\t\t<div class=\"elementor-field-type-email elementor-field-group elementor-column elementor-field-group-email elementor-col-100 elementor-field-required\">\n\t\t\t\t\t\t\t\t\t\t\t\t\t<input size=\"1\" type=\"email\" name=\"form_fields[email]\" id=\"form-field-email\" class=\"elementor-field elementor-size-sm  elementor-field-textual\" placeholder=\"E-Mail\" required=\"required\">\n\t\t\t\t\t\t\t\t\t\t\t<\/div>\n\t\t\t\t\t\t\t\t<div class=\"elementor-field-type-tel elementor-field-group elementor-column elementor-field-group-telefono elementor-col-100 elementor-field-required\">\n\t\t\t\t\t\t\t<input size=\"1\" type=\"tel\" name=\"form_fields[telefono]\" id=\"form-field-telefono\" class=\"elementor-field elementor-size-sm  elementor-field-textual\" placeholder=\"Telefon\" required=\"required\" pattern=\"[0-9()#&amp;+*-=.]+\" title=\"Nur Nummern oder Telefon-Zeichen (#, -, *, etc) werden akzeptiert.\">\n\n\t\t\t\t\t\t<\/div>\n\t\t\t\t\t\t\t\t<div class=\"elementor-field-type-textarea elementor-field-group elementor-column elementor-field-group-field_f2e93b3 elementor-col-100\">\n\t\t\t\t\t<textarea class=\"elementor-field-textual elementor-field  elementor-size-sm\" name=\"form_fields[field_f2e93b3]\" id=\"form-field-field_f2e93b3\" rows=\"4\" placeholder=\"Nachricht\"><\/textarea>\t\t\t\t<\/div>\n\t\t\t\t\t\t\t\t<div class=\"elementor-field-type-acceptance elementor-field-group elementor-column elementor-field-group-message elementor-col-100 elementor-field-required\">\n\t\t\t\t\t\t\t<div class=\"elementor-field-subgroup\">\n\t\t\t<span class=\"elementor-field-option\">\n\t\t\t\t<input type=\"checkbox\" name=\"form_fields[message]\" id=\"form-field-message\" class=\"elementor-field elementor-size-sm  elementor-acceptance-field\" required=\"required\">\n\t\t\t\t<label for=\"form-field-message\">Ich erkl\u00e4re hiermit, dass ich den Inhalt der Datenschutzerkl\u00e4rung sorgf\u00e4ltig gelesen und verstanden habe und erkl\u00e4re mich mit der Verarbeitung meiner pers\u00f6nlichen Daten zum Zwecke der Erbringung der angebotenen Dienstleistungen einverstanden.<\/label>\t\t\t<\/span>\n\t\t<\/div>\n\t\t\t\t\t\t<\/div>\n\t\t\t\t\t\t\t\t<div class=\"elementor-field-type-recaptcha_v3 elementor-field-group elementor-column elementor-field-group-field_4a834b2 elementor-col-100 recaptcha_v3-inline\">\n\t\t\t\t\t<div class=\"elementor-field\" id=\"form-field-field_4a834b2\"><div class=\"elementor-g-recaptcha\" data-sitekey=\"6LfYalArAAAAANPMWCW3KzivrOU0zSgix8uQSxas\" data-type=\"v3\" data-action=\"Form\" data-badge=\"inline\" data-size=\"invisible\"><\/div><\/div>\t\t\t\t<\/div>\n\t\t\t\t\t\t\t\t<div class=\"elementor-field-group elementor-column elementor-field-type-submit elementor-col-100 e-form__buttons\">\n\t\t\t\t\t<button class=\"elementor-button elementor-size-sm\" type=\"submit\">\n\t\t\t\t\t\t<span class=\"elementor-button-content-wrapper\">\n\t\t\t\t\t\t\t\t\t\t\t\t\t\t\t<span class=\"elementor-button-icon\">\n\t\t\t\t\t\t\t\t\t<i aria-hidden=\"true\" class=\"icon icon-right-arrow\"><\/i>\t\t\t\t\t\t\t\t\t\t\t\t\t\t\t\t\t<\/span>\n\t\t\t\t\t\t\t\t\t\t\t\t\t\t\t\t\t\t\t\t\t\t<span class=\"elementor-button-text\">Senden Sie<\/span>\n\t\t\t\t\t\t\t\t\t\t\t\t\t<\/span>\n\t\t\t\t\t<\/button>\n\t\t\t\t<\/div>\n\t\t\t<\/div>\n\t\t<\/form>\n\t\t\t\t\t\t<\/div>\n\t\t\t\t<\/div>\n\t\t\t\t<\/div>\n\t\t\t\t<\/div>\n\t\t<div class=\"elementor-element elementor-element-f61e6c9 e-con-full e-flex e-con e-parent\" data-id=\"f61e6c9\" data-element_type=\"container\">\n\t\t<div class=\"elementor-element elementor-element-9276ba7 e-con-full e-flex e-con e-child\" data-id=\"9276ba7\" data-element_type=\"container\">\n\t\t\t\t<div class=\"elementor-element elementor-element-b690ae1 elementor-widget elementor-widget-google_maps\" data-id=\"b690ae1\" data-element_type=\"widget\" data-widget_type=\"google_maps.default\">\n\t\t\t\t<div class=\"elementor-widget-container\">\n\t\t\t\t\t\t\t<div class=\"elementor-custom-embed\">\n\t\t\t<iframe loading=\"lazy\"\n\t\t\t\t\tsrc=\"https:\/\/maps.google.com\/maps?q=Numaco%20AG%20Haldenstrasse%203C%20CH-8905%20Islisberg%20Svizzera&#038;t=m&#038;z=15&#038;output=embed&#038;iwloc=near\"\n\t\t\t\t\ttitle=\"Numaco AG Haldenstrasse 3C CH-8905 Islisberg Svizzera\"\n\t\t\t\t\taria-label=\"Numaco AG Haldenstrasse 3C CH-8905 Islisberg Svizzera\"\n\t\t\t><\/iframe>\n\t\t<\/div>\n\t\t\t\t\t\t<\/div>\n\t\t\t\t<\/div>\n\t\t\t\t<\/div>\n\t\t\t\t<\/div>\n\t\t\t\t<\/div>\n\t\t","protected":false},"excerpt":{"rendered":"<p>Kontakte Fordern Sie jetzt eine Beratung an von Numaco AG Sind Sie auf der Suche nach einem Softwareentwicklungsunternehmen f\u00fcr industrielle Etikettierung und Automatisierung? Lassen Sie uns dar\u00fcber sprechen, wie wir Ihr Unternehmen unterst\u00fctzen k\u00f6nnen Sind Sie auf der Suche nach einemSoftwareentwicklungsunternehmen f\u00fcr industrielle Etikettierung und Automatisierung? Kontaktieren Sie uns noch heute f\u00fcr ein pers\u00f6nliches Beratungsgespr\u00e4ch [&hellip;]<\/p>\n","protected":false},"author":1,"featured_media":0,"parent":0,"menu_order":0,"comment_status":"closed","ping_status":"closed","template":"elementor_header_footer","meta":{"footnotes":""},"class_list":["post-1932","page","type-page","status-publish","hentry"],"yoast_head":"<!-- This site is optimized with the Yoast SEO plugin v25.2 - https:\/\/yoast.com\/wordpress\/plugins\/seo\/ -->\n<title>Kontakt - Numaco AG<\/title>\n<meta name=\"description\" content=\"M\u00f6chten Sie eine ma\u00dfgeschneiderte Beratung f\u00fcr Ihr Projekt? Kontaktieren Sie die Numaco AG und sprechen Sie mit unseren Experten. Wir sind f\u00fcr Sie da!\" \/>\n<meta name=\"robots\" content=\"index, follow, max-snippet:-1, max-image-preview:large, max-video-preview:-1\" \/>\n<link rel=\"canonical\" href=\"https:\/\/numaco.ch\/de\/kontakt\/\" \/>\n<meta property=\"og:locale\" content=\"de_DE\" \/>\n<meta property=\"og:type\" content=\"article\" \/>\n<meta property=\"og:title\" content=\"Kontakt - Numaco AG\" \/>\n<meta property=\"og:description\" content=\"M\u00f6chten Sie eine ma\u00dfgeschneiderte Beratung f\u00fcr Ihr Projekt? Kontaktieren Sie die Numaco AG und sprechen Sie mit unseren Experten. Wir sind f\u00fcr Sie da!\" \/>\n<meta property=\"og:url\" content=\"https:\/\/numaco.ch\/de\/kontakt\/\" \/>\n<meta property=\"og:site_name\" content=\"Numaco\" \/>\n<meta property=\"article:modified_time\" content=\"2025-05-30T16:10:00+00:00\" \/>\n<meta name=\"twitter:card\" content=\"summary_large_image\" \/>\n<script type=\"application\/ld+json\" class=\"yoast-schema-graph\">{\"@context\":\"https:\/\/schema.org\",\"@graph\":[{\"@type\":\"WebPage\",\"@id\":\"https:\/\/numaco.ch\/de\/kontakt\/\",\"url\":\"https:\/\/numaco.ch\/de\/kontakt\/\",\"name\":\"Kontakt - Numaco AG\",\"isPartOf\":{\"@id\":\"https:\/\/numaco.ch\/de\/#website\"},\"datePublished\":\"2025-04-11T08:41:44+00:00\",\"dateModified\":\"2025-05-30T16:10:00+00:00\",\"description\":\"M\u00f6chten Sie eine ma\u00dfgeschneiderte Beratung f\u00fcr Ihr Projekt? Kontaktieren Sie die Numaco AG und sprechen Sie mit unseren Experten. Wir sind f\u00fcr Sie da!\",\"breadcrumb\":{\"@id\":\"https:\/\/numaco.ch\/de\/kontakt\/#breadcrumb\"},\"inLanguage\":\"de\",\"potentialAction\":[{\"@type\":\"ReadAction\",\"target\":[\"https:\/\/numaco.ch\/de\/kontakt\/\"]}]},{\"@type\":\"BreadcrumbList\",\"@id\":\"https:\/\/numaco.ch\/de\/kontakt\/#breadcrumb\",\"itemListElement\":[{\"@type\":\"ListItem\",\"position\":1,\"name\":\"Home\",\"item\":\"https:\/\/numaco.ch\/de\/startseite\/\"},{\"@type\":\"ListItem\",\"position\":2,\"name\":\"Kontakt\"}]},{\"@type\":\"WebSite\",\"@id\":\"https:\/\/numaco.ch\/de\/#website\",\"url\":\"https:\/\/numaco.ch\/de\/\",\"name\":\"Numaco\",\"description\":\"Gestione software per sistemi di etichettatura\",\"publisher\":{\"@id\":\"https:\/\/numaco.ch\/de\/#organization\"},\"potentialAction\":[{\"@type\":\"SearchAction\",\"target\":{\"@type\":\"EntryPoint\",\"urlTemplate\":\"https:\/\/numaco.ch\/de\/?s={search_term_string}\"},\"query-input\":{\"@type\":\"PropertyValueSpecification\",\"valueRequired\":true,\"valueName\":\"search_term_string\"}}],\"inLanguage\":\"de\"},{\"@type\":\"Organization\",\"@id\":\"https:\/\/numaco.ch\/de\/#organization\",\"name\":\"Numaco\",\"url\":\"https:\/\/numaco.ch\/de\/\",\"logo\":{\"@type\":\"ImageObject\",\"inLanguage\":\"de\",\"@id\":\"https:\/\/numaco.ch\/de\/#\/schema\/logo\/image\/\",\"url\":\"https:\/\/numaco.ch\/wp-content\/uploads\/2025\/02\/numaco-pittogramma.png\",\"contentUrl\":\"https:\/\/numaco.ch\/wp-content\/uploads\/2025\/02\/numaco-pittogramma.png\",\"width\":1920,\"height\":1920,\"caption\":\"Numaco\"},\"image\":{\"@id\":\"https:\/\/numaco.ch\/de\/#\/schema\/logo\/image\/\"}}]}<\/script>\n<!-- \/ Yoast SEO plugin. -->","yoast_head_json":{"title":"Kontakt - Numaco AG","description":"M\u00f6chten Sie eine ma\u00dfgeschneiderte Beratung f\u00fcr Ihr Projekt? Kontaktieren Sie die Numaco AG und sprechen Sie mit unseren Experten. Wir sind f\u00fcr Sie da!","robots":{"index":"index","follow":"follow","max-snippet":"max-snippet:-1","max-image-preview":"max-image-preview:large","max-video-preview":"max-video-preview:-1"},"canonical":"https:\/\/numaco.ch\/de\/kontakt\/","og_locale":"de_DE","og_type":"article","og_title":"Kontakt - Numaco AG","og_description":"M\u00f6chten Sie eine ma\u00dfgeschneiderte Beratung f\u00fcr Ihr Projekt? Kontaktieren Sie die Numaco AG und sprechen Sie mit unseren Experten. Wir sind f\u00fcr Sie da!","og_url":"https:\/\/numaco.ch\/de\/kontakt\/","og_site_name":"Numaco","article_modified_time":"2025-05-30T16:10:00+00:00","twitter_card":"summary_large_image","schema":{"@context":"https:\/\/schema.org","@graph":[{"@type":"WebPage","@id":"https:\/\/numaco.ch\/de\/kontakt\/","url":"https:\/\/numaco.ch\/de\/kontakt\/","name":"Kontakt - Numaco AG","isPartOf":{"@id":"https:\/\/numaco.ch\/de\/#website"},"datePublished":"2025-04-11T08:41:44+00:00","dateModified":"2025-05-30T16:10:00+00:00","description":"M\u00f6chten Sie eine ma\u00dfgeschneiderte Beratung f\u00fcr Ihr Projekt? Kontaktieren Sie die Numaco AG und sprechen Sie mit unseren Experten. Wir sind f\u00fcr Sie da!","breadcrumb":{"@id":"https:\/\/numaco.ch\/de\/kontakt\/#breadcrumb"},"inLanguage":"de","potentialAction":[{"@type":"ReadAction","target":["https:\/\/numaco.ch\/de\/kontakt\/"]}]},{"@type":"BreadcrumbList","@id":"https:\/\/numaco.ch\/de\/kontakt\/#breadcrumb","itemListElement":[{"@type":"ListItem","position":1,"name":"Home","item":"https:\/\/numaco.ch\/de\/startseite\/"},{"@type":"ListItem","position":2,"name":"Kontakt"}]},{"@type":"WebSite","@id":"https:\/\/numaco.ch\/de\/#website","url":"https:\/\/numaco.ch\/de\/","name":"Numaco","description":"Gestione software per sistemi di etichettatura","publisher":{"@id":"https:\/\/numaco.ch\/de\/#organization"},"potentialAction":[{"@type":"SearchAction","target":{"@type":"EntryPoint","urlTemplate":"https:\/\/numaco.ch\/de\/?s={search_term_string}"},"query-input":{"@type":"PropertyValueSpecification","valueRequired":true,"valueName":"search_term_string"}}],"inLanguage":"de"},{"@type":"Organization","@id":"https:\/\/numaco.ch\/de\/#organization","name":"Numaco","url":"https:\/\/numaco.ch\/de\/","logo":{"@type":"ImageObject","inLanguage":"de","@id":"https:\/\/numaco.ch\/de\/#\/schema\/logo\/image\/","url":"https:\/\/numaco.ch\/wp-content\/uploads\/2025\/02\/numaco-pittogramma.png","contentUrl":"https:\/\/numaco.ch\/wp-content\/uploads\/2025\/02\/numaco-pittogramma.png","width":1920,"height":1920,"caption":"Numaco"},"image":{"@id":"https:\/\/numaco.ch\/de\/#\/schema\/logo\/image\/"}}]}},"_links":{"self":[{"href":"https:\/\/numaco.ch\/de\/wp-json\/wp\/v2\/pages\/1932","targetHints":{"allow":["GET"]}}],"collection":[{"href":"https:\/\/numaco.ch\/de\/wp-json\/wp\/v2\/pages"}],"about":[{"href":"https:\/\/numaco.ch\/de\/wp-json\/wp\/v2\/types\/page"}],"author":[{"embeddable":true,"href":"https:\/\/numaco.ch\/de\/wp-json\/wp\/v2\/users\/1"}],"replies":[{"embeddable":true,"href":"https:\/\/numaco.ch\/de\/wp-json\/wp\/v2\/comments?post=1932"}],"version-history":[{"count":1,"href":"https:\/\/numaco.ch\/de\/wp-json\/wp\/v2\/pages\/1932\/revisions"}],"predecessor-version":[{"id":1933,"href":"https:\/\/numaco.ch\/de\/wp-json\/wp\/v2\/pages\/1932\/revisions\/1933"}],"wp:attachment":[{"href":"https:\/\/numaco.ch\/de\/wp-json\/wp\/v2\/media?parent=1932"}],"curies":[{"name":"wp","href":"https:\/\/api.w.org\/{rel}","templated":true}]}}